{"id":114,"date":"2023-12-18T22:20:24","date_gmt":"2023-12-18T22:20:24","guid":{"rendered":"https:\/\/jimp.dk\/?page_id=114"},"modified":"2024-05-20T19:37:04","modified_gmt":"2024-05-20T19:37:04","slug":"figurative-paintings","status":"publish","type":"page","link":"https:\/\/jimp.dk\/?page_id=114","title":{"rendered":"Figurative paintings"},"content":{"rendered":"\n<p>Here are some nature and figurative paintings<\/p>\n\n\n\n<div class=\"wp-block-columns is-layout-flex wp-container-core-columns-is-layout-28f84493 wp-block-columns-is-layout-flex\">\n<div class=\"wp-block-column is-layout-flow wp-block-column-is-layout-flow\">\n<figure class=\"wp-block-image size-large\"><img loading=\"lazy\" decoding=\"async\" width=\"1024\" height=\"561\" src=\"https:\/\/jimp.dk\/wp-content\/uploads\/2023\/12\/Maageweb-1024x561.jpg\" alt=\"\" class=\"wp-image-124\" srcset=\"https:\/\/jimp.dk\/wp-content\/uploads\/2023\/12\/Maageweb-1024x561.jpg 1024w, https:\/\/jimp.dk\/wp-content\/uploads\/2023\/12\/Maageweb-300x164.jpg 300w, https:\/\/jimp.dk\/wp-content\/uploads\/2023\/12\/Maageweb-768x420.jpg 768w, https:\/\/jimp.dk\/wp-content\/uploads\/2023\/12\/Maageweb-1536x841.jpg 1536w, https:\/\/jimp.dk\/wp-content\/uploads\/2023\/12\/Maageweb.jpg 2000w\" sizes=\"auto, (max-width: 1024px) 100vw, 1024px\" \/><\/figure>\n<\/div>\n\n\n\n<div class=\"wp-block-column is-layout-flow wp-block-column-is-layout-flow\">\n<p>Titel: M\u00e5ge<\/p>\n\n\n\n<p>Title: Seagull<\/p>\n<\/div>\n\n\n\n<div class=\"wp-block-column is-layout-flow wp-block-column-is-layout-flow\">\n<p>Size: 63\u00d735 cm<\/p>\n\n\n\n<p>Material: Akryl on paper<\/p>\n<\/div>\n<\/div>\n\n\n\n<div class=\"wp-block-columns is-layout-flex wp-container-core-columns-is-layout-28f84493 wp-block-columns-is-layout-flex\">\n<div class=\"wp-block-column is-layout-flow wp-block-column-is-layout-flow\">\n<figure class=\"wp-block-image size-large\"><img loading=\"lazy\" decoding=\"async\" width=\"1024\" height=\"541\" src=\"https:\/\/jimp.dk\/wp-content\/uploads\/2023\/12\/Biweb-1024x541.jpg\" alt=\"\" class=\"wp-image-126\" srcset=\"https:\/\/jimp.dk\/wp-content\/uploads\/2023\/12\/Biweb-1024x541.jpg 1024w, https:\/\/jimp.dk\/wp-content\/uploads\/2023\/12\/Biweb-300x158.jpg 300w, https:\/\/jimp.dk\/wp-content\/uploads\/2023\/12\/Biweb-768x406.jpg 768w, https:\/\/jimp.dk\/wp-content\/uploads\/2023\/12\/Biweb.jpg 1500w\" sizes=\"auto, (max-width: 1024px) 100vw, 1024px\" \/><\/figure>\n<\/div>\n\n\n\n<div class=\"wp-block-column is-layout-flow wp-block-column-is-layout-flow\">\n<p>Titel: Bi<\/p>\n\n\n\n<p>Title: Bee<\/p>\n<\/div>\n\n\n\n<div class=\"wp-block-column is-layout-flow wp-block-column-is-layout-flow\">\n<p>Size: 63\u00d735 cm<\/p>\n\n\n\n<p>Material: Akryl on paper<\/p>\n<\/div>\n<\/div>\n\n\n\n<div class=\"wp-block-columns is-layout-flex wp-container-core-columns-is-layout-28f84493 wp-block-columns-is-layout-flex\">\n<div class=\"wp-block-column is-layout-flow wp-block-column-is-layout-flow\">\n<figure class=\"wp-block-image size-large\"><img loading=\"lazy\" decoding=\"async\" width=\"1024\" height=\"554\" src=\"https:\/\/jimp.dk\/wp-content\/uploads\/2023\/12\/Isfuglweb-1-1024x554.jpg\" alt=\"\" class=\"wp-image-125\" srcset=\"https:\/\/jimp.dk\/wp-content\/uploads\/2023\/12\/Isfuglweb-1-1024x554.jpg 1024w, https:\/\/jimp.dk\/wp-content\/uploads\/2023\/12\/Isfuglweb-1-300x162.jpg 300w, https:\/\/jimp.dk\/wp-content\/uploads\/2023\/12\/Isfuglweb-1-768x415.jpg 768w, https:\/\/jimp.dk\/wp-content\/uploads\/2023\/12\/Isfuglweb-1-1536x831.jpg 1536w, https:\/\/jimp.dk\/wp-content\/uploads\/2023\/12\/Isfuglweb-1.jpg 2000w\" sizes=\"auto, (max-width: 1024px) 100vw, 1024px\" \/><\/figure>\n<\/div>\n\n\n\n<div class=\"wp-block-column is-layout-flow wp-block-column-is-layout-flow\">\n<p>Titel: Isfugl<\/p>\n\n\n\n<p>Icebird<\/p>\n<\/div>\n\n\n\n<div class=\"wp-block-column is-layout-flow wp-block-column-is-layout-flow\">\n<p>Size: 63\u00d735 cm<\/p>\n\n\n\n<p>Material: Akryl on paper<\/p>\n<\/div>\n<\/div>\n\n\n\n<div class=\"wp-block-columns is-layout-flex wp-container-core-columns-is-layout-28f84493 wp-block-columns-is-layout-flex\">\n<div class=\"wp-block-column is-layout-flow wp-block-column-is-layout-flow\">\n<figure class=\"wp-block-image size-large\"><img loading=\"lazy\" decoding=\"async\" width=\"763\" height=\"1024\" src=\"https:\/\/jimp.dk\/wp-content\/uploads\/2023\/12\/Stillehav-763x1024.jpg\" alt=\"\" class=\"wp-image-131\" srcset=\"https:\/\/jimp.dk\/wp-content\/uploads\/2023\/12\/Stillehav-763x1024.jpg 763w, https:\/\/jimp.dk\/wp-content\/uploads\/2023\/12\/Stillehav-223x300.jpg 223w, https:\/\/jimp.dk\/wp-content\/uploads\/2023\/12\/Stillehav-768x1031.jpg 768w, https:\/\/jimp.dk\/wp-content\/uploads\/2023\/12\/Stillehav-1144x1536.jpg 1144w, https:\/\/jimp.dk\/wp-content\/uploads\/2023\/12\/Stillehav-1526x2048.jpg 1526w, https:\/\/jimp.dk\/wp-content\/uploads\/2023\/12\/Stillehav-scaled.jpg 1907w\" sizes=\"auto, (max-width: 763px) 100vw, 763px\" \/><\/figure>\n<\/div>\n\n\n\n<div class=\"wp-block-column is-layout-flow wp-block-column-is-layout-flow\">\n<p>Titel: Stillehav<\/p>\n\n\n\n<p>Title: Pacific ocean<\/p>\n<\/div>\n\n\n\n<div class=\"wp-block-column is-layout-flow wp-block-column-is-layout-flow\">\n<p>Size: 80\u00d760 cm<\/p>\n\n\n\n<p>Material: Akryl on paper<\/p>\n<\/div>\n<\/div>\n\n\n\n<div class=\"wp-block-columns is-layout-flex wp-container-core-columns-is-layout-28f84493 wp-block-columns-is-layout-flex\">\n<div class=\"wp-block-column is-layout-flow wp-block-column-is-layout-flow\">\n<div class=\"wp-block-media-text is-stacked-on-mobile\"><figure class=\"wp-block-media-text__media\"><img loading=\"lazy\" decoding=\"async\" width=\"747\" height=\"1024\" src=\"https:\/\/jimp.dk\/wp-content\/uploads\/2023\/12\/Fyraften-747x1024.jpg\" alt=\"\" class=\"wp-image-120 size-full\" srcset=\"https:\/\/jimp.dk\/wp-content\/uploads\/2023\/12\/Fyraften-747x1024.jpg 747w, https:\/\/jimp.dk\/wp-content\/uploads\/2023\/12\/Fyraften-219x300.jpg 219w, https:\/\/jimp.dk\/wp-content\/uploads\/2023\/12\/Fyraften-768x1053.jpg 768w, https:\/\/jimp.dk\/wp-content\/uploads\/2023\/12\/Fyraften-1120x1536.jpg 1120w, https:\/\/jimp.dk\/wp-content\/uploads\/2023\/12\/Fyraften-1494x2048.jpg 1494w, https:\/\/jimp.dk\/wp-content\/uploads\/2023\/12\/Fyraften-scaled.jpg 1867w\" sizes=\"auto, (max-width: 747px) 100vw, 747px\" \/><\/figure><div class=\"wp-block-media-text__content\">\n<p><\/p>\n<\/div><\/div>\n<\/div>\n\n\n\n<div class=\"wp-block-column is-layout-flow wp-block-column-is-layout-flow\">\n<p>Titel: Fyraften<\/p>\n\n\n\n<p>Title: Closing time<\/p>\n<\/div>\n\n\n\n<div class=\"wp-block-column is-layout-flow wp-block-column-is-layout-flow\">\n<p>Size: 15\u00d721 cm<\/p>\n\n\n\n<p>Material: Akryl on cavas<\/p>\n<\/div>\n<\/div>\n\n\n\n<div class=\"wp-block-columns is-layout-flex wp-container-core-columns-is-layout-28f84493 wp-block-columns-is-layout-flex\">\n<div class=\"wp-block-column is-layout-flow wp-block-column-is-layout-flow\">\n<figure class=\"wp-block-image size-large\"><img loading=\"lazy\" decoding=\"async\" width=\"1021\" height=\"1024\" src=\"https:\/\/jimp.dk\/wp-content\/uploads\/2023\/12\/Baad-1021x1024.jpg\" alt=\"\" class=\"wp-image-119\" srcset=\"https:\/\/jimp.dk\/wp-content\/uploads\/2023\/12\/Baad-1021x1024.jpg 1021w, https:\/\/jimp.dk\/wp-content\/uploads\/2023\/12\/Baad-300x300.jpg 300w, https:\/\/jimp.dk\/wp-content\/uploads\/2023\/12\/Baad-150x150.jpg 150w, https:\/\/jimp.dk\/wp-content\/uploads\/2023\/12\/Baad-768x770.jpg 768w, https:\/\/jimp.dk\/wp-content\/uploads\/2023\/12\/Baad-1531x1536.jpg 1531w, https:\/\/jimp.dk\/wp-content\/uploads\/2023\/12\/Baad-2042x2048.jpg 2042w\" sizes=\"auto, (max-width: 1021px) 100vw, 1021px\" \/><\/figure>\n<\/div>\n\n\n\n<div class=\"wp-block-column is-layout-flow wp-block-column-is-layout-flow\">\n<p>Titel: B\u00e5d<\/p>\n\n\n\n<p>Title: Boad<\/p>\n<\/div>\n\n\n\n<div class=\"wp-block-column is-layout-flow wp-block-column-is-layout-flow\">\n<p>Size: 40\u00d740 cm<\/p>\n\n\n\n<p>Material: Akryl on paper<\/p>\n<\/div>\n<\/div>\n\n\n\n<div class=\"wp-block-columns is-layout-flex wp-container-core-columns-is-layout-28f84493 wp-block-columns-is-layout-flex\">\n<div class=\"wp-block-column is-layout-flow wp-block-column-is-layout-flow\">\n<figure class=\"wp-block-image size-large\"><img loading=\"lazy\" decoding=\"async\" width=\"1024\" height=\"783\" src=\"https:\/\/jimp.dk\/wp-content\/uploads\/2023\/12\/Ud-i-det-blaa-1024x783.jpg\" alt=\"\" class=\"wp-image-132\" srcset=\"https:\/\/jimp.dk\/wp-content\/uploads\/2023\/12\/Ud-i-det-blaa-1024x783.jpg 1024w, https:\/\/jimp.dk\/wp-content\/uploads\/2023\/12\/Ud-i-det-blaa-300x229.jpg 300w, https:\/\/jimp.dk\/wp-content\/uploads\/2023\/12\/Ud-i-det-blaa-768x587.jpg 768w, https:\/\/jimp.dk\/wp-content\/uploads\/2023\/12\/Ud-i-det-blaa-1536x1174.jpg 1536w, https:\/\/jimp.dk\/wp-content\/uploads\/2023\/12\/Ud-i-det-blaa-2048x1566.jpg 2048w\" sizes=\"auto, (max-width: 1024px) 100vw, 1024px\" \/><\/figure>\n<\/div>\n\n\n\n<div class=\"wp-block-column is-layout-flow wp-block-column-is-layout-flow\">\n<p>Titel: Ud i det bl\u00e5<\/p>\n\n\n\n<p>Title: Out in the blue<\/p>\n<\/div>\n\n\n\n<div class=\"wp-block-column is-layout-flow wp-block-column-is-layout-flow\">\n<p>Size: 50\u00d740 cm<\/p>\n\n\n\n<p>Material: Akryl on cavas<\/p>\n<\/div>\n<\/div>\n\n\n\n<div class=\"wp-block-columns is-layout-flex wp-container-core-columns-is-layout-28f84493 wp-block-columns-is-layout-flex\">\n<div class=\"wp-block-column is-layout-flow wp-block-column-is-layout-flow\">\n<figure class=\"wp-block-image size-large\"><img loading=\"lazy\" decoding=\"async\" width=\"1024\" height=\"1024\" src=\"https:\/\/jimp.dk\/wp-content\/uploads\/2023\/12\/rose-1024x1024.jpg\" alt=\"\" class=\"wp-image-130\" srcset=\"https:\/\/jimp.dk\/wp-content\/uploads\/2023\/12\/rose-1024x1024.jpg 1024w, https:\/\/jimp.dk\/wp-content\/uploads\/2023\/12\/rose-300x300.jpg 300w, https:\/\/jimp.dk\/wp-content\/uploads\/2023\/12\/rose-150x150.jpg 150w, https:\/\/jimp.dk\/wp-content\/uploads\/2023\/12\/rose-768x769.jpg 768w, https:\/\/jimp.dk\/wp-content\/uploads\/2023\/12\/rose-1534x1536.jpg 1534w\" sizes=\"auto, (max-width: 1024px) 100vw, 1024px\" \/><\/figure>\n<\/div>\n\n\n\n<div class=\"wp-block-column is-layout-flow wp-block-column-is-layout-flow\">\n<p>Titel: Rose<\/p>\n\n\n\n<p>Title: Rose<\/p>\n<\/div>\n\n\n\n<div class=\"wp-block-column is-layout-flow wp-block-column-is-layout-flow\">\n<p>Size: 40\u00d740 cm<\/p>\n\n\n\n<p>Material: Akryl on cavas<\/p>\n<\/div>\n<\/div>\n\n\n\n<div class=\"wp-block-columns is-layout-flex wp-container-core-columns-is-layout-28f84493 wp-block-columns-is-layout-flex\">\n<div class=\"wp-block-column is-layout-flow wp-block-column-is-layout-flow\">\n<figure class=\"wp-block-image size-large\"><img loading=\"lazy\" decoding=\"async\" width=\"1024\" height=\"817\" src=\"https:\/\/jimp.dk\/wp-content\/uploads\/2023\/12\/Kop-1024x817.jpg\" alt=\"\" class=\"wp-image-122\" srcset=\"https:\/\/jimp.dk\/wp-content\/uploads\/2023\/12\/Kop-1024x817.jpg 1024w, https:\/\/jimp.dk\/wp-content\/uploads\/2023\/12\/Kop-300x239.jpg 300w, https:\/\/jimp.dk\/wp-content\/uploads\/2023\/12\/Kop-768x612.jpg 768w, https:\/\/jimp.dk\/wp-content\/uploads\/2023\/12\/Kop-1536x1225.jpg 1536w, https:\/\/jimp.dk\/wp-content\/uploads\/2023\/12\/Kop-2048x1633.jpg 2048w\" sizes=\"auto, (max-width: 1024px) 100vw, 1024px\" \/><\/figure>\n<\/div>\n\n\n\n<div class=\"wp-block-column is-layout-flow wp-block-column-is-layout-flow\">\n<p>Title: Kop<\/p>\n\n\n\n<p>Title: Cup<\/p>\n<\/div>\n\n\n\n<div class=\"wp-block-column is-layout-flow wp-block-column-is-layout-flow\">\n<p>Size: 50\u00d740 cm<\/p>\n\n\n\n<p>Material: Akryl on cavas<\/p>\n<\/div>\n<\/div>\n\n\n\n<div class=\"wp-block-columns is-layout-flex wp-container-core-columns-is-layout-28f84493 wp-block-columns-is-layout-flex\">\n<div class=\"wp-block-column is-layout-flow wp-block-column-is-layout-flow\">\n<figure class=\"wp-block-image size-large\"><img loading=\"lazy\" decoding=\"async\" width=\"1020\" height=\"1024\" src=\"https:\/\/jimp.dk\/wp-content\/uploads\/2023\/12\/Boennemoede-1020x1024.jpg\" alt=\"\" class=\"wp-image-118\" srcset=\"https:\/\/jimp.dk\/wp-content\/uploads\/2023\/12\/Boennemoede-1020x1024.jpg 1020w, https:\/\/jimp.dk\/wp-content\/uploads\/2023\/12\/Boennemoede-300x300.jpg 300w, https:\/\/jimp.dk\/wp-content\/uploads\/2023\/12\/Boennemoede-150x150.jpg 150w, https:\/\/jimp.dk\/wp-content\/uploads\/2023\/12\/Boennemoede-768x771.jpg 768w, https:\/\/jimp.dk\/wp-content\/uploads\/2023\/12\/Boennemoede-1530x1536.jpg 1530w, https:\/\/jimp.dk\/wp-content\/uploads\/2023\/12\/Boennemoede.jpg 1952w\" sizes=\"auto, (max-width: 1020px) 100vw, 1020px\" \/><\/figure>\n<\/div>\n\n\n\n<div class=\"wp-block-column is-layout-flow wp-block-column-is-layout-flow\">\n<p>Titel: B\u00f8nnem\u00f8de<\/p>\n\n\n\n<p><br>Title: Beans<\/p>\n<\/div>\n\n\n\n<div class=\"wp-block-column is-layout-flow wp-block-column-is-layout-flow\">\n<p>Size: 40\u00d740 cm<\/p>\n\n\n\n<p>Material: Akryl on cavas<\/p>\n<\/div>\n<\/div>\n\n\n\n<div class=\"wp-block-columns is-layout-flex wp-container-core-columns-is-layout-28f84493 wp-block-columns-is-layout-flex\">\n<div class=\"wp-block-column is-layout-flow wp-block-column-is-layout-flow\">\n<figure class=\"wp-block-image size-large\"><img loading=\"lazy\" decoding=\"async\" width=\"1010\" height=\"1024\" src=\"https:\/\/jimp.dk\/wp-content\/uploads\/2023\/12\/Abe-1010x1024.jpg\" alt=\"\" class=\"wp-image-156\" srcset=\"https:\/\/jimp.dk\/wp-content\/uploads\/2023\/12\/Abe-1010x1024.jpg 1010w, https:\/\/jimp.dk\/wp-content\/uploads\/2023\/12\/Abe-296x300.jpg 296w, https:\/\/jimp.dk\/wp-content\/uploads\/2023\/12\/Abe-768x778.jpg 768w, https:\/\/jimp.dk\/wp-content\/uploads\/2023\/12\/Abe-1516x1536.jpg 1516w, https:\/\/jimp.dk\/wp-content\/uploads\/2023\/12\/Abe-2021x2048.jpg 2021w\" sizes=\"auto, (max-width: 1010px) 100vw, 1010px\" \/><\/figure>\n<\/div>\n\n\n\n<div class=\"wp-block-column is-layout-flow wp-block-column-is-layout-flow\">\n<p>Titel: Abe<\/p>\n\n\n\n<p><br>Title: Monkey<\/p>\n<\/div>\n\n\n\n<div class=\"wp-block-column is-layout-flow wp-block-column-is-layout-flow\">\n<p>Size: 40\u00d740 cm<\/p>\n\n\n\n<p>Material: Akryl on cavas<\/p>\n<\/div>\n<\/div>\n\n\n\n<div class=\"wp-block-columns is-layout-flex wp-container-core-columns-is-layout-28f84493 wp-block-columns-is-layout-flex\">\n<div class=\"wp-block-column is-layout-flow wp-block-column-is-layout-flow\">\n<figure class=\"wp-block-image size-large\"><img loading=\"lazy\" decoding=\"async\" width=\"768\" height=\"1024\" src=\"https:\/\/jimp.dk\/wp-content\/uploads\/2024\/05\/IMG_20240501_184957-768x1024.jpg\" alt=\"\" class=\"wp-image-187\" srcset=\"https:\/\/jimp.dk\/wp-content\/uploads\/2024\/05\/IMG_20240501_184957-768x1024.jpg 768w, https:\/\/jimp.dk\/wp-content\/uploads\/2024\/05\/IMG_20240501_184957-225x300.jpg 225w, https:\/\/jimp.dk\/wp-content\/uploads\/2024\/05\/IMG_20240501_184957-1152x1536.jpg 1152w, https:\/\/jimp.dk\/wp-content\/uploads\/2024\/05\/IMG_20240501_184957-1536x2048.jpg 1536w, https:\/\/jimp.dk\/wp-content\/uploads\/2024\/05\/IMG_20240501_184957-scaled.jpg 1920w\" sizes=\"auto, (max-width: 768px) 100vw, 768px\" \/><\/figure>\n<\/div>\n\n\n\n<div class=\"wp-block-column is-layout-flow wp-block-column-is-layout-flow\">\n<p>Titel: Tulipan<\/p>\n\n\n\n<p>Title: Tulip<\/p>\n<\/div>\n\n\n\n<div class=\"wp-block-column is-layout-flow wp-block-column-is-layout-flow\">\n<p>Size: 30\u00d740 cm<\/p>\n\n\n\n<p>Material: Akryl on cavas<\/p>\n<\/div>\n<\/div>\n\n\n\n<div class=\"wp-block-columns is-layout-flex wp-container-core-columns-is-layout-28f84493 wp-block-columns-is-layout-flex\">\n<div class=\"wp-block-column is-layout-flow wp-block-column-is-layout-flow\">\n<figure class=\"wp-block-image size-large\"><img loading=\"lazy\" decoding=\"async\" width=\"1024\" height=\"1021\" src=\"https:\/\/jimp.dk\/wp-content\/uploads\/2024\/05\/Windows-12-1024x1021.jpg\" alt=\"\" class=\"wp-image-188\" srcset=\"https:\/\/jimp.dk\/wp-content\/uploads\/2024\/05\/Windows-12-1024x1021.jpg 1024w, https:\/\/jimp.dk\/wp-content\/uploads\/2024\/05\/Windows-12-300x300.jpg 300w, https:\/\/jimp.dk\/wp-content\/uploads\/2024\/05\/Windows-12-150x150.jpg 150w, https:\/\/jimp.dk\/wp-content\/uploads\/2024\/05\/Windows-12-768x766.jpg 768w, https:\/\/jimp.dk\/wp-content\/uploads\/2024\/05\/Windows-12-1536x1532.jpg 1536w, https:\/\/jimp.dk\/wp-content\/uploads\/2024\/05\/Windows-12-2048x2042.jpg 2048w\" sizes=\"auto, (max-width: 1024px) 100vw, 1024px\" \/><\/figure>\n<\/div>\n\n\n\n<div class=\"wp-block-column is-layout-flow wp-block-column-is-layout-flow\">\n<p>Titel: Vindue 12<\/p>\n\n\n\n<p>Title: Winduw 12<\/p>\n<\/div>\n\n\n\n<div class=\"wp-block-column is-layout-flow wp-block-column-is-layout-flow\">\n<p>Size: 40\u00d740 cm<\/p>\n\n\n\n<p>Material: Akryl on cavas<\/p>\n<\/div>\n<\/div>\n","protected":false},"excerpt":{"rendered":"<p>Here are some nature and figurative paintings Titel: M\u00e5ge Title: Seagull Size: 63\u00d735 cm Material: Akryl on paper Titel: Bi Title: Bee Size: 63\u00d735 cm Material: Akryl on paper Titel: Isfugl Icebird Size: 63\u00d735 cm Material: Akryl on paper Titel: Stillehav Title: Pacific ocean Size: 80\u00d760 cm Material: Akryl on paper Titel: Fyraften Title: Closing [&hellip;]<\/p>\n","protected":false},"author":1,"featured_media":0,"parent":0,"menu_order":0,"comment_status":"closed","ping_status":"closed","template":"","meta":{"footnotes":""},"class_list":["post-114","page","type-page","status-publish","hentry"],"_links":{"self":[{"href":"https:\/\/jimp.dk\/index.php?rest_route=\/wp\/v2\/pages\/114","targetHints":{"allow":["GET"]}}],"collection":[{"href":"https:\/\/jimp.dk\/index.php?rest_route=\/wp\/v2\/pages"}],"about":[{"href":"https:\/\/jimp.dk\/index.php?rest_route=\/wp\/v2\/types\/page"}],"author":[{"embeddable":true,"href":"https:\/\/jimp.dk\/index.php?rest_route=\/wp\/v2\/users\/1"}],"replies":[{"embeddable":true,"href":"https:\/\/jimp.dk\/index.php?rest_route=%2Fwp%2Fv2%2Fcomments&post=114"}],"version-history":[{"count":11,"href":"https:\/\/jimp.dk\/index.php?rest_route=\/wp\/v2\/pages\/114\/revisions"}],"predecessor-version":[{"id":189,"href":"https:\/\/jimp.dk\/index.php?rest_route=\/wp\/v2\/pages\/114\/revisions\/189"}],"wp:attachment":[{"href":"https:\/\/jimp.dk\/index.php?rest_route=%2Fwp%2Fv2%2Fmedia&parent=114"}],"curies":[{"name":"wp","href":"https:\/\/api.w.org\/{rel}","templated":true}]}}